{"id":3,"date":"2022-12-08T02:43:32","date_gmt":"2022-12-08T02:43:32","guid":{"rendered":"http:\/\/nieil.kir.jp\/n-hatsu-r\/?page_id=3"},"modified":"2023-08-30T13:41:32","modified_gmt":"2023-08-30T04:41:32","slug":"privacy-policy","status":"publish","type":"page","link":"https:\/\/n-hatsu-r.com\/pt\/privacy-policy\/","title":{"rendered":"Pol\u00edtica de privacidade"},"content":{"rendered":"\n<p><strong>[Pol\u00edtica de privacidade].<\/strong><\/p>\n\n\n\n<p>A fim de garantir a exatid\u00e3o e a seguran\u00e7a das informa\u00e7\u00f5es pessoais dos leitores, etc., a \"Niigata Hatsu R\" toma medidas adequadas de gest\u00e3o da seguran\u00e7a e esfor\u00e7a-se por evitar e corrigir a fuga, perda, danos, etc., das informa\u00e7\u00f5es pessoais.<\/p>\n\n\n\n<ul>\n<li>No que respeita ao tratamento dos dados pessoais tratados, a empresa cumpre a legisla\u00e7\u00e3o, as directrizes nacionais e outras normas relativas ao tratamento de dados pessoais.<\/li>\n\n\n\n<li>Ao obter e utilizar informa\u00e7\u00f5es pessoais adequadas, deve ser especificado o objetivo da sua utiliza\u00e7\u00e3o e as informa\u00e7\u00f5es pessoais n\u00e3o devem ser tratadas para al\u00e9m do necess\u00e1rio para atingir o objetivo de utiliza\u00e7\u00e3o especificado (utiliza\u00e7\u00e3o para outros fins). Ser\u00e3o igualmente tomadas medidas de controlo adequadas para garantir que as informa\u00e7\u00f5es n\u00e3o sejam utilizadas para outros fins que n\u00e3o os especificados.<\/li>\n<\/ul>\n\n\n\n<p>As informa\u00e7\u00f5es pessoais obtidas n\u00e3o ser\u00e3o fornecidas a terceiros, exceto com o consentimento da pessoa em causa ou em conformidade com a lei.<\/p>\n\n\n\n<ul>\n<li>Se for recebida uma queixa ou consulta relativa ao tratamento de dados pessoais, a queixa ou consulta ser\u00e1 tratada de boa f\u00e9 ap\u00f3s uma investiga\u00e7\u00e3o r\u00e1pida dos factos e de outras informa\u00e7\u00f5es relevantes.<\/li>\n\n\n\n<li>Com base nas altera\u00e7\u00f5es das condi\u00e7\u00f5es sociais e do ambiente, iremos rever continuamente o nosso sistema de gest\u00e3o de prote\u00e7\u00e3o de informa\u00e7\u00f5es pessoais e melhorar os nossos esfor\u00e7os para proteger as informa\u00e7\u00f5es pessoais. Contacto Neil Corporation 3-1-11 Shinnakahama, Nishi-ku, Cidade de Niigata TEL.025-261-7280<\/li>\n<\/ul>\n","protected":false},"excerpt":{"rendered":"\n[Pol\u00edtica de privacidade].\n\n\n\nA fim de garantir a exatid\u00e3o e a seguran\u00e7a das informa\u00e7\u00f5es pessoais dos leitores, etc., a &#8220;Niigata Hatsu R&#8221; toma medidas adequadas de gest\u00e3o da seguran\u00e7a e esfor\u00e7a-se por evitar e corrigir a fuga, perda, danos, etc., das informa\u00e7\u00f5es pessoais.\n\n\n\n\nNo que respeita ao tratamento dos dados pessoais tr","protected":false},"author":1,"featured_media":0,"parent":0,"menu_order":0,"comment_status":"closed","ping_status":"open","template":"","meta":{"_gokulink_title_noun":"","_s2mail":"yes"},"_links":{"self":[{"href":"https:\/\/n-hatsu-r.com\/pt\/wp-json\/wp\/v2\/pages\/3"}],"collection":[{"href":"https:\/\/n-hatsu-r.com\/pt\/wp-json\/wp\/v2\/pages"}],"about":[{"href":"https:\/\/n-hatsu-r.com\/pt\/wp-json\/wp\/v2\/types\/page"}],"author":[{"embeddable":true,"href":"https:\/\/n-hatsu-r.com\/pt\/wp-json\/wp\/v2\/users\/1"}],"replies":[{"embeddable":true,"href":"https:\/\/n-hatsu-r.com\/pt\/wp-json\/wp\/v2\/comments?post=3"}],"version-history":[{"count":2,"href":"https:\/\/n-hatsu-r.com\/pt\/wp-json\/wp\/v2\/pages\/3\/revisions"}],"predecessor-version":[{"id":172,"href":"https:\/\/n-hatsu-r.com\/pt\/wp-json\/wp\/v2\/pages\/3\/revisions\/172"}],"wp:attachment":[{"href":"https:\/\/n-hatsu-r.com\/pt\/wp-json\/wp\/v2\/media?parent=3"}],"curies":[{"name":"wp","href":"https:\/\/api.w.org\/{rel}","templated":true}]}}