{"id":167,"date":"2023-08-29T14:32:44","date_gmt":"2023-08-29T05:32:44","guid":{"rendered":"http:\/\/nieil.kir.jp\/n-hatsu-r\/?page_id=167"},"modified":"2023-08-30T13:38:52","modified_gmt":"2023-08-30T04:38:52","slug":"company","status":"publish","type":"page","link":"https:\/\/n-hatsu-r.com\/pt\/company\/","title":{"rendered":"Perfil da empresa"},"content":{"rendered":"\n<h2 class=\"wp-block-heading\">Perfil da empresa<\/h2>\n\n\n\n<figure class=\"wp-block-table\"><table><tbody><tr><td>Nome comercial<\/td><td>Nieil Corporation (nieil).<\/td><\/tr><tr><td>Localiza\u00e7\u00e3o da ag\u00eancia<\/td><td>3-11, 6 Shinnakahama, Nishi-ku, Niigata 950-2163, Niigata, Jap\u00e3o<\/td><\/tr><tr><td>representante<\/td><td>Mariko Nakazawa<\/td><\/tr><tr><td>Empresas.<\/td><td>Edi\u00e7\u00e3o de livros, planeamento de eventos e presentes, planeamento editorial<\/td><\/tr><\/tbody><\/table><\/figure>\n\n\n\n<h2 class=\"wp-block-heading\">evolu\u00e7\u00e3o de algo ao longo do tempo<\/h2>\n\n\n\n<figure class=\"wp-block-table\"><table><tbody><tr><td>2009 (2009).<\/td><td>1 de setembro, cria\u00e7\u00e3o da sociedade de responsabilidade limitada Neil.<\/td><\/tr><tr><td>&nbsp;<\/td><td>10 de novembro, \u00e9 publicado o livro 1 de cushu \"Yuka Nakajima's 40 recipes for sake\".<\/td><\/tr><tr><td>&nbsp;<\/td><td>Em 9 de novembro, realizou-se a primeira edi\u00e7\u00e3o de \"English Conversation in Cushu\", uma aula de culin\u00e1ria e festa de saqu\u00e9, para celebrar a publica\u00e7\u00e3o do livro (Local: Cross Pal Niigata).<\/td><\/tr><tr><td>2010 (2010)<\/td><td>23 de abril, \"English Conversation in Cushu\", Vol. 2, utilizando Itoigawa Nanban Shrimp (em colabora\u00e7\u00e3o com a C\u00e2mara de Com\u00e9rcio J\u00fanior de Itoigawa).<\/td><\/tr><tr><td>&nbsp;<\/td><td>30 de abril, cria\u00e7\u00e3o da Neil Ltd.<\/td><\/tr><tr><td>&nbsp;<\/td><td>14 de junho, evento \"English Conversation in Cushu\", 3\u00aa edi\u00e7\u00e3o da Ta\u00e7a do Mundo.<\/td><\/tr><tr><td>&nbsp;<\/td><td>10 de novembro, \u00e9 publicado o livro 1 de cushu \"Yuka Nakajima's 40 recipes for sake\".<\/td><\/tr><tr><td>&nbsp;<\/td><td>Evento de publica\u00e7\u00e3o (1) \"cushu caf\u00e9\" na Livraria Junkudo de Niigata em 15 de setembro. Caf\u00e9 de saqu\u00e9, debate (Yuka Nakajima, Akira Kumakura, Niigata Shuhan, Kazue Murayama, Niigata Brewery).<\/td><\/tr><tr><td>&nbsp;<\/td><td>dezembro, planeamento e venda de caixas de presente de saqu\u00ea + doces + receitas de Natal e cushu (Niigata Shuhan).<\/td><\/tr><tr><td>&nbsp;<\/td><td>5 de dezembro, evento de celebra\u00e7\u00e3o da publica\u00e7\u00e3o (2) \"English Conversation in Cushu\" Vol. 4: Petit party com doces e saqu\u00e9.<\/td><\/tr><tr><td>2011 (2011).<\/td><td>fevereiro, planeamento e venda de caixas de presentes de S\u00e3o Valentim (Asahi Shoji, Niigata Shuhan).<\/td><\/tr><tr><td>&nbsp;<\/td><td>Produziu o \"cushu techo: Niigata Sake Breweries &amp; Town Tour: Niigata Sake no Jin 2011 Edition\" para ser distribu\u00eddo no \"Niigata Sake no Jin 2011\", que estava previsto realizar-se a 11 e 12 de mar\u00e7o (cancelado devido ao Grande Terramoto do Leste do Jap\u00e3o), e distribu\u00eddo em eventos de saqu\u00e9 ao longo do ano.<\/td><\/tr><tr><td>&nbsp;<\/td><td>23 de julho, pouco antes da publica\u00e7\u00e3o do quinto evento \"English Conversation in Cushu\": apoiar a recupera\u00e7\u00e3o do terramoto, snacks que poupam energia e o sake local de Tohoku.<\/td><\/tr><tr><td>&nbsp;<\/td><td>31 de agosto, cushu techo (1) \"Niigata energy-saving snacks by Yuka Nakajima\" publicado.<\/td><\/tr><tr><td>2012 (2012)<\/td><td>Em 17 e 18 de mar\u00e7o, o \"cushu techo: Cervejeiras de Sake de Niigata &amp; Visita \u00e0 Cidade: Cervejeiras de Sake de Niigata &amp; Visita \u00e0 Cidade: Cervejeiras de Sake de Niigata Edi\u00e7\u00e3o 2012\" foi publicado e distribu\u00eddo a todos os visitantes que pagaram as provas no local do \"Niigata Sake no Jin 2012\".<\/td><\/tr><tr><td>&nbsp;<\/td><td>No dia 14 de abril, realizar-se-\u00e1 o 6\u00ba evento da s\u00e9rie \"English Conversation in Cushu\", a Hora do Sake com pratos \u00e0 base de borras de saqu\u00ea e \"sakasuke\" (borras de saqu\u00ea fermentadas por bact\u00e9rias l\u00e1cticas).<\/td><\/tr><tr><td>&nbsp;<\/td><td>30 de abril, publica\u00e7\u00e3o de \"Sneak Self-Check: Unlikely Manners in Dental Clinics\" (em coautoria com Yuko Furushiro e Atsuko Kato).<\/td><\/tr><tr><td>&nbsp;<\/td><td>A 7 de dezembro, foi publicado o cushubook Fermented Beauty: Sakekasu Recipes (de Yuka Nakajima).<\/td><\/tr><tr><td>&nbsp;<\/td><td>No dia 8 de dezembro, realizar-se-\u00e1 a 7\u00aa edi\u00e7\u00e3o do evento de publica\u00e7\u00e3o \"Conversa em Ingl\u00eas com cushu\", Sakekasu &amp; Cozinhando com \"Sakasuke\" (sakekasu fermentado com bact\u00e9rias de \u00e1cido l\u00e1tico) Parte 2.<\/td><\/tr><tr><td>&nbsp;<\/td><td>dezembro, venda de conjuntos de \"snacks economizadores de energia\" em caixas de oferta de cushu (lojas de bebidas de Niigata e lojas Aeon na prefeitura de Niigata).<\/td><\/tr><tr><td>2013 (2013).<\/td><td>9 de fevereiro, Science Caf\u00e9 Niigata \"The Charm of Sake Lees\" (Junkudo Bookshop Niigata), coorganizado por<\/td><\/tr><tr><td>&nbsp;<\/td><td>Nos dias 16 e 17 de mar\u00e7o, foi publicado e distribu\u00eddo a todos os visitantes do \"Festival do Saque de Niigata 2013\" o \"cushu techo: Cervejeiras de Saque de Niigata &amp; Visita \u00e0 Cidade: Cervejeiras de Saque de Niigata &amp; Visita \u00e0 Cidade: Cervejeiras de Saque de Niigata Edi\u00e7\u00e3o 2013\".<\/td><\/tr><tr><td>&nbsp;<\/td><td>18 de mar\u00e7o, publica\u00e7\u00e3o de \"cushu Techo: Niigata Sake Breweries &amp; Town Tour: Niigata Sake no Jin 2013 Edition\".<\/td><\/tr><tr><td>&nbsp;<\/td><td>No dia 19 de mar\u00e7o, foi publicado o livro \"So Delicious! Receitas com pouco sal para refei\u00e7\u00f5es saud\u00e1veis em casa\" (escrito pelo Comit\u00e9 de Promo\u00e7\u00e3o da Melhoria Alimentar da Prov\u00edncia de Niigata) foi publicado.<\/td><\/tr><tr><td>&nbsp;<\/td><td>Em 29 de maio, foi publicado \"Delicious Monogatari from Snow Country: Recipes from the Earth\" (Instituto de Investiga\u00e7\u00e3o da Cultura Alimentar de Snow Country).<\/td><\/tr><tr><td>&nbsp;<\/td><td>17 de novembro, \"So Delicious! Receitas com pouco sal para refei\u00e7\u00f5es saud\u00e1veis em casa\" Aula de culin\u00e1ria em colabora\u00e7\u00e3o com a NPO Enlighten.<\/td><\/tr><tr><td>2014 (Heisei 26)<\/td><td>Meados de fevereiro \"Niigata Sake Breweries &amp; Town Tour\" em Niigata Sake no Jin 2014 Edi\u00e7\u00e3o Preliminar Furumachi Hanamachi Buri Sake \"Senja-fuda Meguri\" Colabora\u00e7\u00e3o Publicado.<\/td><\/tr><tr><td>&nbsp;<\/td><td>Nos dias 15 e 16 de mar\u00e7o, o \"cushu techo: Cervejeiras de Sake de Niigata &amp; Visita \u00e0 Cidade: Cervejeiras de Sake de Niigata Edi\u00e7\u00e3o 2014\" foi publicado e distribu\u00eddo aos visitantes no local do \"Niigata Sake no Jin 2014\".<\/td><\/tr><tr><td>&nbsp;<\/td><td>25 Abr Ponshukan x cushu adult tipsy caf\u00e9 vol.1 (convidado: Aoki Sake Brewery) (no Pizzelante La Nanci Anesamegoi, diretamente ligado \u00e0 esta\u00e7\u00e3o de Niigata).<\/td><\/tr><tr><td>&nbsp;<\/td><td>No final de abril, \u00e9 publicada a edi\u00e7\u00e3o primavera\/ver\u00e3o 2014 do cushu techo Niigata no sakagura &amp; Machi-muri.<\/td><\/tr><tr><td>&nbsp;<\/td><td>Publica\u00e7\u00f5es comerciais.<\/td><\/tr><\/tbody><\/table><\/figure>\n","protected":false},"excerpt":{"rendered":"\nPerfil da empresa\n\n\n\nNome comercialNieil Corporation (nieil).Localiza\u00e7\u00e3o da ag\u00eancia3-11, 6 Shinnakahama, Nishi-ku, Niigata 950-2163, Niigata, Jap\u00e3orepresentanteMariko NakazawaEmpresas.Edi\u00e7\u00e3o de livros, planeamento de eventos e presentes, planeamento editorial\n\n\n\nevolu\u00e7\u00e3o de algo ao longo do tempo\n\n\n\n2009 (2009).1 de setembro, cria\u00e7\u00e3o da sociedade de responsabilidade limitada Neil.&nbsp;10 de novembro, \u00e9 publicado o livro 1 de cushu &#8220;Yuka Nakajima&#8217;s 40 recipes for sake&#8221;.&nbsp;Em 9 de novembro, realizou-se a primeira edi\u00e7\u00e3o de &#8220;English Conversation in Cushu&#8221;, uma aula de culin\u00e1ria e festa de saqu\u00e9, para celebrar","protected":false},"author":1,"featured_media":0,"parent":0,"menu_order":0,"comment_status":"closed","ping_status":"closed","template":"","meta":{"_gokulink_title_noun":"","_s2mail":"yes"},"_links":{"self":[{"href":"https:\/\/n-hatsu-r.com\/pt\/wp-json\/wp\/v2\/pages\/167"}],"collection":[{"href":"https:\/\/n-hatsu-r.com\/pt\/wp-json\/wp\/v2\/pages"}],"about":[{"href":"https:\/\/n-hatsu-r.com\/pt\/wp-json\/wp\/v2\/types\/page"}],"author":[{"embeddable":true,"href":"https:\/\/n-hatsu-r.com\/pt\/wp-json\/wp\/v2\/users\/1"}],"replies":[{"embeddable":true,"href":"https:\/\/n-hatsu-r.com\/pt\/wp-json\/wp\/v2\/comments?post=167"}],"version-history":[{"count":4,"href":"https:\/\/n-hatsu-r.com\/pt\/wp-json\/wp\/v2\/pages\/167\/revisions"}],"predecessor-version":[{"id":171,"href":"https:\/\/n-hatsu-r.com\/pt\/wp-json\/wp\/v2\/pages\/167\/revisions\/171"}],"wp:attachment":[{"href":"https:\/\/n-hatsu-r.com\/pt\/wp-json\/wp\/v2\/media?parent=167"}],"curies":[{"name":"wp","href":"https:\/\/api.w.org\/{rel}","templated":true}]}}