{"id":142,"date":"2023-08-11T05:19:14","date_gmt":"2023-08-10T20:19:14","guid":{"rendered":"http:\/\/nieil.kir.jp\/n-hatsu-r\/?page_id=142"},"modified":"2023-09-21T18:20:07","modified_gmt":"2023-09-21T09:20:07","slug":"about","status":"publish","type":"page","link":"https:\/\/n-hatsu-r.com\/pt\/about\/","title":{"rendered":"O que \u00e9 R de Niigata?"},"content":{"rendered":"<div class=\"wp-block-image\">\n<figure class=\"aligncenter size-full\"><img decoding=\"async\" loading=\"lazy\" width=\"415\" height=\"102\" src=\"http:\/\/nieil.kir.jp\/n-hatsu-r\/wp-content\/uploads\/2023\/08\/\u30a2\u30bb\u30c3\u30c8-27@1.5x.webp\" alt=\"\" class=\"wp-image-144\" srcset=\"https:\/\/n-hatsu-r.com\/wp-content\/uploads\/2023\/08\/\u30a2\u30bb\u30c3\u30c8-27@1.5x.webp 415w, https:\/\/n-hatsu-r.com\/wp-content\/uploads\/2023\/08\/\u30a2\u30bb\u30c3\u30c8-27@1.5x-300x74.webp 300w\" sizes=\"(max-width: 415px) 100vw, 415px\" \/><\/figure><\/div>\n\n\n<p class=\"has-text-align-center\">Temos o prazer de vos voltar a ver.<br> A Niigata Hatsune est\u00e1 a ser reeditada sob a bandeira \"R\"!<br> Durante quase 20 anos, a \"Niigata Hatsuba\" foi uma revista de preserva\u00e7\u00e3o e turismo orientada para a comunidade, que apresentou as maravilhas de Niigata.<br> A \"Niigata Hatsu\" apresentou as maravilhas de Niigata durante quase 20 anos como uma revista de preserva\u00e7\u00e3o e turismo orientada para a comunidade.<br> Passaram-se dez anos desde que deixou de ser publicada,<br> A letra inicial do prefixo \"re\", que significa \"novamente\", \"mais adiante\" ou \"novo\",<br> A revista ser\u00e1 relan\u00e7ada em setembro de 2016 como Niigata Hatsudo R, com a letra inicial \"R\" no log\u00f3tipo, que significa \"outra vez, mais al\u00e9m, novo\".<\/p>\n\n\n\n<p><\/p>\n\n\n\n<p><\/p>\n\n\n\n<p><\/p>\n\n\n\n<p><\/p>\n\n\n\n<p>A revista \u00e9 uma revista tur\u00edstica preservada que transmite a Niigata profunda, rica e bela.<\/p>\n\n\n\n<p>Niigata Hatsu R. A equipa trabalhou arduamente para criar uma revista que n\u00e3o se deita fora e que vale a pena ler uma e outra vez, com cada n\u00famero a focar um tema diferente sem publicidade.<\/p>\n\n\n\n<p>Caros leitores, assinantes e membros de empresas, livreiros e distribuidores ....... Com o apoio de muitas pessoas, public\u00e1mos 21 n\u00fameros at\u00e9 ao n\u00famero da primavera de 2023\/21 da \"Introductory Sake\", mas com o n\u00famero da primavera de 2023\/21 decidimos cessar a publica\u00e7\u00e3o. Gostar\u00edamos de agradecer a todos os que nos apoiaram.<\/p>\n\n\n\n<p>A partir de agora, para que mais pessoas possam usufruir dos artigos que foram acumulados como preserva\u00e7\u00e3o, aproveitaremos a oportunidade da renova\u00e7\u00e3o do s\u00edtio oficial do Niigata Hatsu R para publicar os artigos \u00e0 medida que forem ficando dispon\u00edveis, para permitir a subscri\u00e7\u00e3o (gratuita ou paga) e para vender n\u00fameros antigos.<\/p>\n\n\n\n<p>Al\u00e9m disso, trabalharemos tamb\u00e9m com a Honma Bunko Niigata Food Library, que exploramos, para associar o conte\u00fado dos artigos, e n\u00e3o apenas como artigos de revista, \u00e0 revitaliza\u00e7\u00e3o regional de Niigata e \u00e0 promo\u00e7\u00e3o do turismo.<\/p>\n\n\n\n<p>O nome da revista \"Niigata Hatsu R\" manter-se-\u00e1. Continuaremos a transmitir uma variedade de pensamentos e ideias na revista. Esperamos contar com o vosso apoio cont\u00ednuo \u00e0 Niigata Hatsu R.<\/p>\n\n\n\n<p><\/p>\n\n\n\n<p>\u3000\u3000setembro de 2023<\/p>\n\n\n\n<p class=\"has-text-align-right\">\u3000\u3000Editora de Niigata Hatsu R.<\/p>\n\n\n\n<p class=\"has-text-align-right\">Corpora\u00e7\u00e3o Neil<\/p>\n\n\n\n<p class=\"has-text-align-right\">Mariko Takahashi<\/p>\n\n\n\n<p><\/p>\n\n\n\n<div class=\"wp-block-columns is-layout-flex wp-container-3\">\n<div class=\"wp-block-column is-layout-flow\">\n<figure class=\"wp-block-image size-full\"><img decoding=\"async\" loading=\"lazy\" width=\"689\" height=\"936\" src=\"http:\/\/n-hatsu-r.com\/wp-content\/uploads\/2023\/09\/NHR1_COVER-1.jpg\" alt=\"\" class=\"wp-image-193\" srcset=\"https:\/\/n-hatsu-r.com\/wp-content\/uploads\/2023\/09\/NHR1_COVER-1.jpg 689w, https:\/\/n-hatsu-r.com\/wp-content\/uploads\/2023\/09\/NHR1_COVER-1-221x300.jpg 221w\" sizes=\"(max-width: 689px) 100vw, 689px\" \/><\/figure>\n<\/div>\n\n\n\n<div class=\"wp-block-column is-layout-flow\">\n<figure class=\"wp-block-image size-full\"><img decoding=\"async\" loading=\"lazy\" width=\"678\" height=\"920\" src=\"http:\/\/n-hatsu-r.com\/wp-content\/uploads\/2023\/09\/0314_0444.jpg\" alt=\"\" class=\"wp-image-181\" srcset=\"https:\/\/n-hatsu-r.com\/wp-content\/uploads\/2023\/09\/0314_0444.jpg 678w, https:\/\/n-hatsu-r.com\/wp-content\/uploads\/2023\/09\/0314_0444-221x300.jpg 221w\" sizes=\"(max-width: 678px) 100vw, 678px\" \/><figcaption class=\"wp-element-caption\">\u65b0\u6f5f\u767aR\u300021\u53f7\uff082023\u5e743\u6708\u767a\u884c\uff09<\/figcaption><\/figure>\n<\/div>\n<\/div>\n\n\n\n<p><strong>De e para Niigata R Hist\u00f3ria<\/strong><\/p>\n\n\n\n<p><strong>Primeira edi\u00e7\u00e3o Niigata Hatsuba<\/strong> (Editora\/Heibonsha, primeira edi\u00e7\u00e3o: Niigata General TV, segunda edi\u00e7\u00e3o - NTT Communications) Primeira publica\u00e7\u00e3o 26 de abril de 1986 (1986), edi\u00e7\u00e3o primavera\/ver\u00e3o de 1986 - edi\u00e7\u00e3o primavera de 1999 (total de 44 edi\u00e7\u00f5es).<\/p>\n\n\n\n<p>O primeiro n\u00famero foi publicado como \"Niigata Daiyuki \u203c Sakiyaka Mood Discovery Journey\" (publicado por Heibonsha e Niigata General Television). Posteriormente, foi publicada como revista trimestral Niigata haha R (publicada pela Heibonsha e editada pela NTT Communications), com 44 n\u00fameros publicados at\u00e9 \u00e0 edi\u00e7\u00e3o da primavera de 1999.<\/p>\n\n\n\n<figure class=\"wp-block-table\"><table><tbody><tr><td><img decoding=\"async\" loading=\"lazy\" width=\"1220\" height=\"1512\" class=\"wp-image-183\" style=\"width: 150px;\" src=\"http:\/\/n-hatsu-r.com\/wp-content\/uploads\/2023\/09\/MX-2661_20230921_153853_page-0001.jpg\" alt=\"\" srcset=\"https:\/\/n-hatsu-r.com\/wp-content\/uploads\/2023\/09\/MX-2661_20230921_153853_page-0001.jpg 1220w, https:\/\/n-hatsu-r.com\/wp-content\/uploads\/2023\/09\/MX-2661_20230921_153853_page-0001-242x300.jpg 242w, https:\/\/n-hatsu-r.com\/wp-content\/uploads\/2023\/09\/MX-2661_20230921_153853_page-0001-826x1024.jpg 826w, https:\/\/n-hatsu-r.com\/wp-content\/uploads\/2023\/09\/MX-2661_20230921_153853_page-0001-768x952.jpg 768w\" sizes=\"(max-width: 1220px) 100vw, 1220px\" \/><\/td><td><img decoding=\"async\" loading=\"lazy\" width=\"1208\" height=\"1524\" class=\"wp-image-184\" style=\"width: 150px;\" src=\"http:\/\/n-hatsu-r.com\/wp-content\/uploads\/2023\/09\/MX-2661_20230921_154814_page-0001-2.jpg\" alt=\"\" srcset=\"https:\/\/n-hatsu-r.com\/wp-content\/uploads\/2023\/09\/MX-2661_20230921_154814_page-0001-2.jpg 1208w, https:\/\/n-hatsu-r.com\/wp-content\/uploads\/2023\/09\/MX-2661_20230921_154814_page-0001-2-238x300.jpg 238w, https:\/\/n-hatsu-r.com\/wp-content\/uploads\/2023\/09\/MX-2661_20230921_154814_page-0001-2-812x1024.jpg 812w, https:\/\/n-hatsu-r.com\/wp-content\/uploads\/2023\/09\/MX-2661_20230921_154814_page-0001-2-768x969.jpg 768w\" sizes=\"(max-width: 1208px) 100vw, 1208px\" \/><\/td><td><img decoding=\"async\" loading=\"lazy\" width=\"1221\" height=\"1509\" class=\"wp-image-185\" style=\"width: 150px;\" src=\"http:\/\/n-hatsu-r.com\/wp-content\/uploads\/2023\/09\/MX-2661_20230921_154800_page-0001.jpg\" alt=\"\" srcset=\"https:\/\/n-hatsu-r.com\/wp-content\/uploads\/2023\/09\/MX-2661_20230921_154800_page-0001.jpg 1221w, https:\/\/n-hatsu-r.com\/wp-content\/uploads\/2023\/09\/MX-2661_20230921_154800_page-0001-243x300.jpg 243w, https:\/\/n-hatsu-r.com\/wp-content\/uploads\/2023\/09\/MX-2661_20230921_154800_page-0001-829x1024.jpg 829w, https:\/\/n-hatsu-r.com\/wp-content\/uploads\/2023\/09\/MX-2661_20230921_154800_page-0001-768x949.jpg 768w\" sizes=\"(max-width: 1221px) 100vw, 1221px\" \/><\/td><td><img decoding=\"async\" loading=\"lazy\" width=\"1200\" height=\"1499\" class=\"wp-image-189\" style=\"width: 150px;\" src=\"http:\/\/n-hatsu-r.com\/wp-content\/uploads\/2023\/09\/MX-2661_20230921_161539_page-0001.jpg\" alt=\"\" srcset=\"https:\/\/n-hatsu-r.com\/wp-content\/uploads\/2023\/09\/MX-2661_20230921_161539_page-0001.jpg 1200w, https:\/\/n-hatsu-r.com\/wp-content\/uploads\/2023\/09\/MX-2661_20230921_161539_page-0001-240x300.jpg 240w, https:\/\/n-hatsu-r.com\/wp-content\/uploads\/2023\/09\/MX-2661_20230921_161539_page-0001-820x1024.jpg 820w, https:\/\/n-hatsu-r.com\/wp-content\/uploads\/2023\/09\/MX-2661_20230921_161539_page-0001-768x959.jpg 768w\" sizes=\"(max-width: 1200px) 100vw, 1200px\" \/><\/td><\/tr><\/tbody><\/table><figcaption class=\"wp-element-caption\">\u5de6\u304c\u521d\u4ee3\u300e\u65b0\u6f5f\u767a\u300f\u5275\u520a\u53f7\u3002\u897f\u7530\u3072\u304b\u308b\u3055\u3093\u3084\u5cf6\u5d0e\u548c\u6b4c\u5b50\u3055\u3093\u304c\u30ab\u30d0\u30fc\u30ac\u30fc\u30eb\u3092\u52d9\u3081\u305f\u3053\u3068\u3082<\/figcaption><\/figure>\n\n\n\n<p><\/p>\n\n\n\n<p><\/p>\n\n\n\n<p><strong>Segunda fase, \"Niigata Happening\"<\/strong> (publicado por Koubunsha).<\/p>\n\n\n\n<p>Publicado pela primeira vez em 1 de maio de 2001, primavera de 2001 - inverno de 2006 (20 n\u00fameros).<\/p>\n\n\n\n<p>A revista foi publicada pela Koubunsha, uma filial da Baseball Magazine em Urasa, Minamiuonuma, e foi revivida num formato maior. Foram publicados 20 n\u00fameros trimestrais at\u00e9 ao inverno de 2006.<\/p>\n\n\n\n<figure class=\"wp-block-table\"><table><tbody><tr><td><img decoding=\"async\" loading=\"lazy\" width=\"1238\" height=\"1672\" class=\"wp-image-187\" style=\"width: 150px;\" src=\"http:\/\/n-hatsu-r.com\/wp-content\/uploads\/2023\/09\/MX-2661_20230921_155007_page-0001-1.jpg\" alt=\"\" srcset=\"https:\/\/n-hatsu-r.com\/wp-content\/uploads\/2023\/09\/MX-2661_20230921_155007_page-0001-1.jpg 1238w, https:\/\/n-hatsu-r.com\/wp-content\/uploads\/2023\/09\/MX-2661_20230921_155007_page-0001-1-222x300.jpg 222w, https:\/\/n-hatsu-r.com\/wp-content\/uploads\/2023\/09\/MX-2661_20230921_155007_page-0001-1-758x1024.jpg 758w, https:\/\/n-hatsu-r.com\/wp-content\/uploads\/2023\/09\/MX-2661_20230921_155007_page-0001-1-768x1037.jpg 768w, https:\/\/n-hatsu-r.com\/wp-content\/uploads\/2023\/09\/MX-2661_20230921_155007_page-0001-1-1137x1536.jpg 1137w\" sizes=\"(max-width: 1238px) 100vw, 1238px\" \/><\/td><td><img decoding=\"async\" loading=\"lazy\" width=\"1234\" height=\"1689\" class=\"wp-image-188\" style=\"width: 150px;\" src=\"http:\/\/n-hatsu-r.com\/wp-content\/uploads\/2023\/09\/MX-2661_20230921_161556_page-0001.jpg\" alt=\"\" srcset=\"https:\/\/n-hatsu-r.com\/wp-content\/uploads\/2023\/09\/MX-2661_20230921_161556_page-0001.jpg 1234w, https:\/\/n-hatsu-r.com\/wp-content\/uploads\/2023\/09\/MX-2661_20230921_161556_page-0001-219x300.jpg 219w, https:\/\/n-hatsu-r.com\/wp-content\/uploads\/2023\/09\/MX-2661_20230921_161556_page-0001-748x1024.jpg 748w, https:\/\/n-hatsu-r.com\/wp-content\/uploads\/2023\/09\/MX-2661_20230921_161556_page-0001-768x1051.jpg 768w, https:\/\/n-hatsu-r.com\/wp-content\/uploads\/2023\/09\/MX-2661_20230921_161556_page-0001-1122x1536.jpg 1122w\" sizes=\"(max-width: 1234px) 100vw, 1234px\" \/><\/td><td><img decoding=\"async\" loading=\"lazy\" width=\"1203\" height=\"1660\" class=\"wp-image-190\" style=\"width: 150px;\" src=\"http:\/\/n-hatsu-r.com\/wp-content\/uploads\/2023\/09\/MX-2661_20230921_161657_page-0001.jpg\" alt=\"\" srcset=\"https:\/\/n-hatsu-r.com\/wp-content\/uploads\/2023\/09\/MX-2661_20230921_161657_page-0001.jpg 1203w, https:\/\/n-hatsu-r.com\/wp-content\/uploads\/2023\/09\/MX-2661_20230921_161657_page-0001-217x300.jpg 217w, https:\/\/n-hatsu-r.com\/wp-content\/uploads\/2023\/09\/MX-2661_20230921_161657_page-0001-742x1024.jpg 742w, https:\/\/n-hatsu-r.com\/wp-content\/uploads\/2023\/09\/MX-2661_20230921_161657_page-0001-768x1060.jpg 768w, https:\/\/n-hatsu-r.com\/wp-content\/uploads\/2023\/09\/MX-2661_20230921_161657_page-0001-1113x1536.jpg 1113w\" sizes=\"(max-width: 1203px) 100vw, 1203px\" \/><\/td><\/tr><\/tbody><\/table><figcaption class=\"wp-element-caption\">\u5de6\u304c\u5275\u520a\u53f7\u3001\u4e2d\u592e\u306f2004\u590f\uff0814\u53f7\uff09\u4f50\u6e21\u7279\u96c6\u3001\u53f3\u304c2006\u51ac\uff0820\u53f7\uff09\u5730\u9152\u7279\u96c6<\/figcaption><\/figure>\n\n\n\n<p><\/p>\n\n\n\n<p><\/p>\n\n\n\n<p><strong>Fase 3, \"R de Niigata\"<\/strong> (Publicado\/Neil).<\/p>\n\n\n\n<p>Criada em 10 de setembro de 2016 (Heisei 28) outono de 2016 - primavera de 2023 (todas as 21 edi\u00e7\u00f5es)<\/p>\n","protected":false},"excerpt":{"rendered":"\n\n\n\n\nTemos o prazer de vos voltar a ver. A Niigata Hatsune est\u00e1 a ser reeditada sob a bandeira &#8220;R&#8221;! Durante quase 20 anos, a &#8220;Niigata Hatsuba&#8221; foi uma revista de preserva\u00e7\u00e3o e turismo orientada para a comunidade, que apresentou as maravilhas de Niigata. A &#8220;Niigata Hatsu&#8221; apresentou as maravilhas de Niigata durante quase 20 anos como uma revista de preserva\u00e7\u00e3o e turismo orientada para a comunidade. Passaram-se dez anos desde que deixou de ser publicada, A letra inicial do prefixo &#8220;re&#8221;, que significa &#8220;novamente&#8221;, &#8220;mais adiante&#8221; ou &#8220;novo&#8221;, A revista ser\u00e1 relan\u00e7ada em setembro de 2016 como Niigata Hatsudo R, com a letra inicial &#8220;R&#8221; no log\u00f3tipo, que significa &#8220;outra vez,","protected":false},"author":1,"featured_media":197,"parent":0,"menu_order":0,"comment_status":"closed","ping_status":"closed","template":"","meta":{"_gokulink_title_noun":"","_s2mail":"yes"},"_links":{"self":[{"href":"https:\/\/n-hatsu-r.com\/pt\/wp-json\/wp\/v2\/pages\/142"}],"collection":[{"href":"https:\/\/n-hatsu-r.com\/pt\/wp-json\/wp\/v2\/pages"}],"about":[{"href":"https:\/\/n-hatsu-r.com\/pt\/wp-json\/wp\/v2\/types\/page"}],"author":[{"embeddable":true,"href":"https:\/\/n-hatsu-r.com\/pt\/wp-json\/wp\/v2\/users\/1"}],"replies":[{"embeddable":true,"href":"https:\/\/n-hatsu-r.com\/pt\/wp-json\/wp\/v2\/comments?post=142"}],"version-history":[{"count":10,"href":"https:\/\/n-hatsu-r.com\/pt\/wp-json\/wp\/v2\/pages\/142\/revisions"}],"predecessor-version":[{"id":196,"href":"https:\/\/n-hatsu-r.com\/pt\/wp-json\/wp\/v2\/pages\/142\/revisions\/196"}],"wp:featuredmedia":[{"embeddable":true,"href":"https:\/\/n-hatsu-r.com\/pt\/wp-json\/wp\/v2\/media\/197"}],"wp:attachment":[{"href":"https:\/\/n-hatsu-r.com\/pt\/wp-json\/wp\/v2\/media?parent=142"}],"curies":[{"name":"wp","href":"https:\/\/api.w.org\/{rel}","templated":true}]}}