{"id":142,"date":"2023-08-11T05:19:14","date_gmt":"2023-08-10T20:19:14","guid":{"rendered":"http:\/\/nieil.kir.jp\/n-hatsu-r\/?page_id=142"},"modified":"2023-09-21T18:20:07","modified_gmt":"2023-09-21T09:20:07","slug":"about","status":"publish","type":"page","link":"https:\/\/n-hatsu-r.com\/fr\/about\/","title":{"rendered":"Quel est le trajet \u00e0 partir de Niigata ?"},"content":{"rendered":"<div class=\"wp-block-image\">\n<figure class=\"aligncenter size-full\"><img decoding=\"async\" loading=\"lazy\" width=\"415\" height=\"102\" src=\"http:\/\/nieil.kir.jp\/n-hatsu-r\/wp-content\/uploads\/2023\/08\/\u30a2\u30bb\u30c3\u30c8-27@1.5x.webp\" alt=\"\" class=\"wp-image-144\" srcset=\"https:\/\/n-hatsu-r.com\/wp-content\/uploads\/2023\/08\/\u30a2\u30bb\u30c3\u30c8-27@1.5x.webp 415w, https:\/\/n-hatsu-r.com\/wp-content\/uploads\/2023\/08\/\u30a2\u30bb\u30c3\u30c8-27@1.5x-300x74.webp 300w\" sizes=\"(max-width: 415px) 100vw, 415px\" \/><\/figure><\/div>\n\n\n<p class=\"has-text-align-center\">Nous sommes heureux de vous revoir.<br> Niigata Hatsune est r\u00e9\u00e9dit\u00e9 sous la banni\u00e8re \"R\" !<br> Pendant pr\u00e8s de 20 ans, \"Niigata Hatsuba\" a \u00e9t\u00e9 un magazine de pr\u00e9servation et de tourisme \u00e0 vocation locale qui pr\u00e9sentait les merveilles de Niigata.<br> Niigata Hatsu\" a pr\u00e9sent\u00e9 les merveilles de Niigata pendant pr\u00e8s de 20 ans en tant que magazine de pr\u00e9servation et de tourisme ax\u00e9 sur la communaut\u00e9.<br> Dix ans se sont \u00e9coul\u00e9s depuis qu'il a cess\u00e9 d'\u00eatre publi\u00e9,<br> La lettre initiale du pr\u00e9fixe \"re\", qui signifie \"\u00e0 nouveau\", \"plus loin\" ou \"nouveau\",<br> Le magazine sera relanc\u00e9 en septembre 2016 sous le nom de Niigata Hatsudo R, avec la lettre initiale \"R\" dans le logo, qui signifie \"\u00e0 nouveau, plus loin, nouveau\".<\/p>\n\n\n\n<p><\/p>\n\n\n\n<p><\/p>\n\n\n\n<p><\/p>\n\n\n\n<p><\/p>\n\n\n\n<p>Il s'agit d'un magazine touristique pr\u00e9serv\u00e9 qui transmet la profondeur, la richesse et la beaut\u00e9 de Niigata.<\/p>\n\n\n\n<p>Niigata Hatsu R. L'\u00e9quipe a travaill\u00e9 dur pour cr\u00e9er un magazine qui ne se jette pas et qui vaut la peine d'\u00eatre lu et relu, chaque num\u00e9ro \u00e9tant consacr\u00e9 \u00e0 un th\u00e8me diff\u00e9rent sans publicit\u00e9.<\/p>\n\n\n\n<p>Chers lecteurs, abonn\u00e9s et membres corporatifs, libraires et distributeurs ....... Avec le soutien de nombreuses personnes, nous avons publi\u00e9 21 num\u00e9ros jusqu'au num\u00e9ro du printemps 2023\/21 de \"Introductory Sake\", mais avec le num\u00e9ro du printemps 2023\/21, nous avons d\u00e9cid\u00e9 de cesser la publication. Nous tenons \u00e0 remercier tous ceux qui nous ont soutenus.<\/p>\n\n\n\n<p>D\u00e9sormais, afin de permettre \u00e0 un plus grand nombre de personnes de profiter des articles qui ont \u00e9t\u00e9 accumul\u00e9s en tant que conservations, nous profiterons du renouvellement du site officiel de Niigata Hatsu R pour publier les articles au fur et \u00e0 mesure de leur disponibilit\u00e9, permettre l'abonnement (gratuit ou payant) et la vente d'anciens num\u00e9ros.<\/p>\n\n\n\n<p>En outre, nous travaillerons \u00e9galement avec la biblioth\u00e8que alimentaire Honma Bunko Niigata, que nous g\u00e9rons, afin de lier le contenu des articles, plut\u00f4t que de simples articles de magazine, \u00e0 la revitalisation r\u00e9gionale de Niigata et \u00e0 la promotion du tourisme.<\/p>\n\n\n\n<p>Le nom du magazine \"Niigata Hatsu R\" est maintenu. Nous continuerons \u00e0 y transmettre une vari\u00e9t\u00e9 de pens\u00e9es et d'id\u00e9es. Nous esp\u00e9rons que vous continuerez \u00e0 soutenir Niigata Hatsu R.<\/p>\n\n\n\n<p><\/p>\n\n\n\n<p>\u3000\u3000septembre 2023<\/p>\n\n\n\n<p class=\"has-text-align-right\">\u3000\u3000\u00c9diteur de Niigata Hatsu R.<\/p>\n\n\n\n<p class=\"has-text-align-right\">Neil Corporation<\/p>\n\n\n\n<p class=\"has-text-align-right\">Mariko Takahashi<\/p>\n\n\n\n<p><\/p>\n\n\n\n<div class=\"wp-block-columns is-layout-flex wp-container-3\">\n<div class=\"wp-block-column is-layout-flow\">\n<figure class=\"wp-block-image size-full\"><img decoding=\"async\" loading=\"lazy\" width=\"689\" height=\"936\" src=\"http:\/\/n-hatsu-r.com\/wp-content\/uploads\/2023\/09\/NHR1_COVER-1.jpg\" alt=\"\" class=\"wp-image-193\" srcset=\"https:\/\/n-hatsu-r.com\/wp-content\/uploads\/2023\/09\/NHR1_COVER-1.jpg 689w, https:\/\/n-hatsu-r.com\/wp-content\/uploads\/2023\/09\/NHR1_COVER-1-221x300.jpg 221w\" sizes=\"(max-width: 689px) 100vw, 689px\" \/><\/figure>\n<\/div>\n\n\n\n<div class=\"wp-block-column is-layout-flow\">\n<figure class=\"wp-block-image size-full\"><img decoding=\"async\" loading=\"lazy\" width=\"678\" height=\"920\" src=\"http:\/\/n-hatsu-r.com\/wp-content\/uploads\/2023\/09\/0314_0444.jpg\" alt=\"\" class=\"wp-image-181\" srcset=\"https:\/\/n-hatsu-r.com\/wp-content\/uploads\/2023\/09\/0314_0444.jpg 678w, https:\/\/n-hatsu-r.com\/wp-content\/uploads\/2023\/09\/0314_0444-221x300.jpg 221w\" sizes=\"(max-width: 678px) 100vw, 678px\" \/><figcaption class=\"wp-element-caption\">\u65b0\u6f5f\u767aR\u300021\u53f7\uff082023\u5e743\u6708\u767a\u884c\uff09<\/figcaption><\/figure>\n<\/div>\n<\/div>\n\n\n\n<p><strong>De et vers Niigata R Histoire<\/strong><\/p>\n\n\n\n<p><strong>Premi\u00e8re \u00e9dition Niigata Hatsuba<\/strong> (\u00e9diteur\/Heibonsha, premier num\u00e9ro : Niigata General TV, deuxi\u00e8me num\u00e9ro - NTT Communications) Premi\u00e8re publication le 26 avril 1986 (1986), num\u00e9ro printemps-\u00e9t\u00e9 1986 - num\u00e9ro printemps 1999 (total 44 num\u00e9ros).<\/p>\n\n\n\n<p>Le premier num\u00e9ro a \u00e9t\u00e9 publi\u00e9 sous le titre \"Niigata Daiyuki \u203c Sakiyaka Mood Discovery Journey\" (publi\u00e9 par Heibonsha et Niigata General Television). Il a ensuite \u00e9t\u00e9 publi\u00e9 sous la forme du magazine trimestriel Niigata haha R (publi\u00e9 par Heibonsha et \u00e9dit\u00e9 par NTT Communications), avec 44 num\u00e9ros publi\u00e9s jusqu'au num\u00e9ro du printemps 1999.<\/p>\n\n\n\n<figure class=\"wp-block-table\"><table><tbody><tr><td><img decoding=\"async\" loading=\"lazy\" width=\"1220\" height=\"1512\" class=\"wp-image-183\" style=\"width: 150px;\" src=\"http:\/\/n-hatsu-r.com\/wp-content\/uploads\/2023\/09\/MX-2661_20230921_153853_page-0001.jpg\" alt=\"\" srcset=\"https:\/\/n-hatsu-r.com\/wp-content\/uploads\/2023\/09\/MX-2661_20230921_153853_page-0001.jpg 1220w, https:\/\/n-hatsu-r.com\/wp-content\/uploads\/2023\/09\/MX-2661_20230921_153853_page-0001-242x300.jpg 242w, https:\/\/n-hatsu-r.com\/wp-content\/uploads\/2023\/09\/MX-2661_20230921_153853_page-0001-826x1024.jpg 826w, https:\/\/n-hatsu-r.com\/wp-content\/uploads\/2023\/09\/MX-2661_20230921_153853_page-0001-768x952.jpg 768w\" sizes=\"(max-width: 1220px) 100vw, 1220px\" \/><\/td><td><img decoding=\"async\" loading=\"lazy\" width=\"1208\" height=\"1524\" class=\"wp-image-184\" style=\"width: 150px;\" src=\"http:\/\/n-hatsu-r.com\/wp-content\/uploads\/2023\/09\/MX-2661_20230921_154814_page-0001-2.jpg\" alt=\"\" srcset=\"https:\/\/n-hatsu-r.com\/wp-content\/uploads\/2023\/09\/MX-2661_20230921_154814_page-0001-2.jpg 1208w, https:\/\/n-hatsu-r.com\/wp-content\/uploads\/2023\/09\/MX-2661_20230921_154814_page-0001-2-238x300.jpg 238w, https:\/\/n-hatsu-r.com\/wp-content\/uploads\/2023\/09\/MX-2661_20230921_154814_page-0001-2-812x1024.jpg 812w, https:\/\/n-hatsu-r.com\/wp-content\/uploads\/2023\/09\/MX-2661_20230921_154814_page-0001-2-768x969.jpg 768w\" sizes=\"(max-width: 1208px) 100vw, 1208px\" \/><\/td><td><img decoding=\"async\" loading=\"lazy\" width=\"1221\" height=\"1509\" class=\"wp-image-185\" style=\"width: 150px;\" src=\"http:\/\/n-hatsu-r.com\/wp-content\/uploads\/2023\/09\/MX-2661_20230921_154800_page-0001.jpg\" alt=\"\" srcset=\"https:\/\/n-hatsu-r.com\/wp-content\/uploads\/2023\/09\/MX-2661_20230921_154800_page-0001.jpg 1221w, https:\/\/n-hatsu-r.com\/wp-content\/uploads\/2023\/09\/MX-2661_20230921_154800_page-0001-243x300.jpg 243w, https:\/\/n-hatsu-r.com\/wp-content\/uploads\/2023\/09\/MX-2661_20230921_154800_page-0001-829x1024.jpg 829w, https:\/\/n-hatsu-r.com\/wp-content\/uploads\/2023\/09\/MX-2661_20230921_154800_page-0001-768x949.jpg 768w\" sizes=\"(max-width: 1221px) 100vw, 1221px\" \/><\/td><td><img decoding=\"async\" loading=\"lazy\" width=\"1200\" height=\"1499\" class=\"wp-image-189\" style=\"width: 150px;\" src=\"http:\/\/n-hatsu-r.com\/wp-content\/uploads\/2023\/09\/MX-2661_20230921_161539_page-0001.jpg\" alt=\"\" srcset=\"https:\/\/n-hatsu-r.com\/wp-content\/uploads\/2023\/09\/MX-2661_20230921_161539_page-0001.jpg 1200w, https:\/\/n-hatsu-r.com\/wp-content\/uploads\/2023\/09\/MX-2661_20230921_161539_page-0001-240x300.jpg 240w, https:\/\/n-hatsu-r.com\/wp-content\/uploads\/2023\/09\/MX-2661_20230921_161539_page-0001-820x1024.jpg 820w, https:\/\/n-hatsu-r.com\/wp-content\/uploads\/2023\/09\/MX-2661_20230921_161539_page-0001-768x959.jpg 768w\" sizes=\"(max-width: 1200px) 100vw, 1200px\" \/><\/td><\/tr><\/tbody><\/table><figcaption class=\"wp-element-caption\">\u5de6\u304c\u521d\u4ee3\u300e\u65b0\u6f5f\u767a\u300f\u5275\u520a\u53f7\u3002\u897f\u7530\u3072\u304b\u308b\u3055\u3093\u3084\u5cf6\u5d0e\u548c\u6b4c\u5b50\u3055\u3093\u304c\u30ab\u30d0\u30fc\u30ac\u30fc\u30eb\u3092\u52d9\u3081\u305f\u3053\u3068\u3082<\/figcaption><\/figure>\n\n\n\n<p><\/p>\n\n\n\n<p><\/p>\n\n\n\n<p><strong>Deuxi\u00e8me phase : \"Niigata Happening\"<\/strong> (publi\u00e9 par Koubunsha).<\/p>\n\n\n\n<p>Premi\u00e8re publication le 1er mai 2001, printemps 2001 - hiver 2006 (20 num\u00e9ros).<\/p>\n\n\n\n<p>Le magazine a \u00e9t\u00e9 publi\u00e9 par Koubunsha, une filiale de Baseball Magazine \u00e0 Urasa, Minamiuonuma, et a \u00e9t\u00e9 relanc\u00e9 dans un format plus grand. Vingt num\u00e9ros ont \u00e9t\u00e9 publi\u00e9s trimestriellement jusqu'\u00e0 l'hiver 2006.<\/p>\n\n\n\n<figure class=\"wp-block-table\"><table><tbody><tr><td><img decoding=\"async\" loading=\"lazy\" width=\"1238\" height=\"1672\" class=\"wp-image-187\" style=\"width: 150px;\" src=\"http:\/\/n-hatsu-r.com\/wp-content\/uploads\/2023\/09\/MX-2661_20230921_155007_page-0001-1.jpg\" alt=\"\" srcset=\"https:\/\/n-hatsu-r.com\/wp-content\/uploads\/2023\/09\/MX-2661_20230921_155007_page-0001-1.jpg 1238w, https:\/\/n-hatsu-r.com\/wp-content\/uploads\/2023\/09\/MX-2661_20230921_155007_page-0001-1-222x300.jpg 222w, https:\/\/n-hatsu-r.com\/wp-content\/uploads\/2023\/09\/MX-2661_20230921_155007_page-0001-1-758x1024.jpg 758w, https:\/\/n-hatsu-r.com\/wp-content\/uploads\/2023\/09\/MX-2661_20230921_155007_page-0001-1-768x1037.jpg 768w, https:\/\/n-hatsu-r.com\/wp-content\/uploads\/2023\/09\/MX-2661_20230921_155007_page-0001-1-1137x1536.jpg 1137w\" sizes=\"(max-width: 1238px) 100vw, 1238px\" \/><\/td><td><img decoding=\"async\" loading=\"lazy\" width=\"1234\" height=\"1689\" class=\"wp-image-188\" style=\"width: 150px;\" src=\"http:\/\/n-hatsu-r.com\/wp-content\/uploads\/2023\/09\/MX-2661_20230921_161556_page-0001.jpg\" alt=\"\" srcset=\"https:\/\/n-hatsu-r.com\/wp-content\/uploads\/2023\/09\/MX-2661_20230921_161556_page-0001.jpg 1234w, https:\/\/n-hatsu-r.com\/wp-content\/uploads\/2023\/09\/MX-2661_20230921_161556_page-0001-219x300.jpg 219w, https:\/\/n-hatsu-r.com\/wp-content\/uploads\/2023\/09\/MX-2661_20230921_161556_page-0001-748x1024.jpg 748w, https:\/\/n-hatsu-r.com\/wp-content\/uploads\/2023\/09\/MX-2661_20230921_161556_page-0001-768x1051.jpg 768w, https:\/\/n-hatsu-r.com\/wp-content\/uploads\/2023\/09\/MX-2661_20230921_161556_page-0001-1122x1536.jpg 1122w\" sizes=\"(max-width: 1234px) 100vw, 1234px\" \/><\/td><td><img decoding=\"async\" loading=\"lazy\" width=\"1203\" height=\"1660\" class=\"wp-image-190\" style=\"width: 150px;\" src=\"http:\/\/n-hatsu-r.com\/wp-content\/uploads\/2023\/09\/MX-2661_20230921_161657_page-0001.jpg\" alt=\"\" srcset=\"https:\/\/n-hatsu-r.com\/wp-content\/uploads\/2023\/09\/MX-2661_20230921_161657_page-0001.jpg 1203w, https:\/\/n-hatsu-r.com\/wp-content\/uploads\/2023\/09\/MX-2661_20230921_161657_page-0001-217x300.jpg 217w, https:\/\/n-hatsu-r.com\/wp-content\/uploads\/2023\/09\/MX-2661_20230921_161657_page-0001-742x1024.jpg 742w, https:\/\/n-hatsu-r.com\/wp-content\/uploads\/2023\/09\/MX-2661_20230921_161657_page-0001-768x1060.jpg 768w, https:\/\/n-hatsu-r.com\/wp-content\/uploads\/2023\/09\/MX-2661_20230921_161657_page-0001-1113x1536.jpg 1113w\" sizes=\"(max-width: 1203px) 100vw, 1203px\" \/><\/td><\/tr><\/tbody><\/table><figcaption class=\"wp-element-caption\">\u5de6\u304c\u5275\u520a\u53f7\u3001\u4e2d\u592e\u306f2004\u590f\uff0814\u53f7\uff09\u4f50\u6e21\u7279\u96c6\u3001\u53f3\u304c2006\u51ac\uff0820\u53f7\uff09\u5730\u9152\u7279\u96c6<\/figcaption><\/figure>\n\n\n\n<p><\/p>\n\n\n\n<p><\/p>\n\n\n\n<p><strong>Phase 3, \"R de Niigata\"<\/strong> (Publi\u00e9\/Neil).<\/p>\n\n\n\n<p>Cr\u00e9\u00e9 le 10 septembre 2016 (Heisei 28) Automne 2016 - Printemps 2023 (tous les 21 num\u00e9ros)<\/p>\n","protected":false},"excerpt":{"rendered":"\n\n\n\n\nNous sommes heureux de vous revoir. Niigata Hatsune est r\u00e9\u00e9dit\u00e9 sous la banni\u00e8re &#8220;R&#8221; ! Pendant pr\u00e8s de 20 ans, &#8220;Niigata Hatsuba&#8221; a \u00e9t\u00e9 un magazine de pr\u00e9servation et de tourisme \u00e0 vocation locale qui pr\u00e9sentait les merveilles de Niigata. Niigata Hatsu&#8221; a pr\u00e9sent\u00e9 les merveilles de Niigata pendant pr\u00e8s de 20 ans en tant que magazine de pr\u00e9servation et de tourisme ax\u00e9 sur la communaut\u00e9. Dix ans se sont \u00e9coul\u00e9s depuis qu&#8217;il a cess\u00e9 d&#8217;\u00eatre publi\u00e9, La lettre initiale du pr\u00e9fixe &#8220;re&#8221;, qui signifie &#8220;\u00e0 nouveau&#8221;, &#8220;plus loin&#8221; ou &#8220;nouveau&#8221;, Le magazine sera relanc\u00e9 en septembre 2016 sous le nom de Niigata Hatsudo R, avec la lettre initiale &#8220;R&#8221; dans le logo, qui signifie &#8220;\u00e0 nouveau, plus loin, nou","protected":false},"author":1,"featured_media":197,"parent":0,"menu_order":0,"comment_status":"closed","ping_status":"closed","template":"","meta":{"_gokulink_title_noun":"","_s2mail":"yes"},"_links":{"self":[{"href":"https:\/\/n-hatsu-r.com\/fr\/wp-json\/wp\/v2\/pages\/142"}],"collection":[{"href":"https:\/\/n-hatsu-r.com\/fr\/wp-json\/wp\/v2\/pages"}],"about":[{"href":"https:\/\/n-hatsu-r.com\/fr\/wp-json\/wp\/v2\/types\/page"}],"author":[{"embeddable":true,"href":"https:\/\/n-hatsu-r.com\/fr\/wp-json\/wp\/v2\/users\/1"}],"replies":[{"embeddable":true,"href":"https:\/\/n-hatsu-r.com\/fr\/wp-json\/wp\/v2\/comments?post=142"}],"version-history":[{"count":10,"href":"https:\/\/n-hatsu-r.com\/fr\/wp-json\/wp\/v2\/pages\/142\/revisions"}],"predecessor-version":[{"id":196,"href":"https:\/\/n-hatsu-r.com\/fr\/wp-json\/wp\/v2\/pages\/142\/revisions\/196"}],"wp:featuredmedia":[{"embeddable":true,"href":"https:\/\/n-hatsu-r.com\/fr\/wp-json\/wp\/v2\/media\/197"}],"wp:attachment":[{"href":"https:\/\/n-hatsu-r.com\/fr\/wp-json\/wp\/v2\/media?parent=142"}],"curies":[{"name":"wp","href":"https:\/\/api.w.org\/{rel}","templated":true}]}}