{"id":156,"date":"2023-08-20T14:35:14","date_gmt":"2023-08-20T05:35:14","guid":{"rendered":"http:\/\/nieil.kir.jp\/n-hatsu-r\/?page_id=156"},"modified":"2023-08-31T22:28:17","modified_gmt":"2023-08-31T13:28:17","slug":"mail-magazine","status":"publish","type":"page","link":"https:\/\/n-hatsu-r.com\/de\/mail-magazine\/","title":{"rendered":"Melden Sie sich f\u00fcr unseren E-Mail-Newsletter an"},"content":{"rendered":"\n<p>Dies ist das An- und Abmeldeformular f\u00fcr den E-Newsletter \"Niigata Hatsu R\".<br> Wenn Sie den Newsletter abonnieren m\u00f6chten<br> F\u00fcllen Sie das untenstehende Formular aus und klicken Sie auf die Schaltfl\u00e4che \"Abonnieren\".<br> Wenn Sie sich abmelden m\u00f6chten, klicken Sie bitte auf die Schaltfl\u00e4che \"Abmelden\".<\/p>\n\n\n<form name=\"s2form\" method=\"post\" action=\"https:\/\/n-hatsu-r.com\/de\/mail-magazine\/\"><input type=\"hidden\" name=\"ip\" value=\"216.73.217.32\" \/><span style=\"display:none !important\"><label for=\"firstname\">Leave This Blank:<\/label><input type=\"text\" id=\"firstname\" name=\"firstname\" \/><label for=\"lastname\">Leave This Blank Too:<\/label><input type=\"text\" id=\"lastname\" name=\"lastname\" \/><label for=\"uri\">Do Not Change This:<\/label><input type=\"text\" id=\"uri\" name=\"uri\" value=\"http:\/\/\" \/><\/span><p><label for=\"s2email\">Your email:<\/label><br><input type=\"email\" name=\"email\" id=\"s2email\" value=\"Enter email address...\" size=\"20\" onfocus=\"if (this.value === 'Enter email address...') {this.value = '';}\" onblur=\"if (this.value === '') {this.value = 'Enter email address...';}\" \/><\/p><p><input type=\"submit\" name=\"subscribe\" value=\"Subscribe\" \/>&nbsp;<input type=\"submit\" name=\"unsubscribe\" value=\"Unsubscribe\" \/><\/p><\/form>\r\n\n","protected":false},"excerpt":{"rendered":"\nDies ist das An- und Abmeldeformular f\u00fcr den E-Newsletter &#8220;Niigata Hat","protected":false},"author":1,"featured_media":0,"parent":0,"menu_order":0,"comment_status":"closed","ping_status":"closed","template":"","meta":{"_gokulink_title_noun":"","_s2mail":"yes"},"_links":{"self":[{"href":"https:\/\/n-hatsu-r.com\/de\/wp-json\/wp\/v2\/pages\/156"}],"collection":[{"href":"https:\/\/n-hatsu-r.com\/de\/wp-json\/wp\/v2\/pages"}],"about":[{"href":"https:\/\/n-hatsu-r.com\/de\/wp-json\/wp\/v2\/types\/page"}],"author":[{"embeddable":true,"href":"https:\/\/n-hatsu-r.com\/de\/wp-json\/wp\/v2\/users\/1"}],"replies":[{"embeddable":true,"href":"https:\/\/n-hatsu-r.com\/de\/wp-json\/wp\/v2\/comments?post=156"}],"version-history":[{"count":7,"href":"https:\/\/n-hatsu-r.com\/de\/wp-json\/wp\/v2\/pages\/156\/revisions"}],"predecessor-version":[{"id":176,"href":"https:\/\/n-hatsu-r.com\/de\/wp-json\/wp\/v2\/pages\/156\/revisions\/176"}],"wp:attachment":[{"href":"https:\/\/n-hatsu-r.com\/de\/wp-json\/wp\/v2\/media?parent=156"}],"curies":[{"name":"wp","href":"https:\/\/api.w.org\/{rel}","templated":true}]}}